{"id":231,"date":"2022-12-29T13:42:20","date_gmt":"2022-12-29T12:42:20","guid":{"rendered":"https:\/\/feith-stiftung.org\/foerderantrag\/?page_id=231"},"modified":"2025-10-28T10:10:19","modified_gmt":"2025-10-28T09:10:19","slug":"foerderrichtlinien","status":"publish","type":"page","link":"https:\/\/feith-stiftung.org\/foerderantrag\/foerderrichtlinien\/","title":{"rendered":"F\u00f6rderrichtlinien"},"content":{"rendered":"<p>F\u00f6rderrichtlinien der Dr. Hans Feith und Dr. Elisabeth Feith-Stiftung<\/p>\n<p><strong>\u00a7 1 Geltungsbereich<\/strong><\/p>\n<p>Die im Rahmen der Vorstandssitzung der Stiftung am 04. Mai 2015 einstimmig und ohne Enthaltung beschlossenen F\u00f6rderrichtlinien gelten f\u00fcr s\u00e4mtliche ab dem 05. Mai 2015 bei der Stiftung eingehenden F\u00f6rderantr\u00e4ge. Eine \u00c4nderung oder Abweichung von den nachstehenden Bestimmungen kann nur durch Vorstandsbeschluss insgesamt oder teilweise erfolgen. Die erste \u00c4nderung der F\u00f6rderrichtlinien erfolgte und gilt ab dem 21. Mai 2019.<\/p>\n<p><strong>\u00a7 2 Art der F\u00f6rderung<\/strong><\/p>\n<p>Die Feith-Stiftung f\u00f6rdert die in \u00a7 2 ihrer Satzung dargestellten Zwecke haupts\u00e4chlich im Raum Hessen und Saarland und zwar regelm\u00e4\u00dfig durch finanzielle Unterst\u00fctzung von gemeinn\u00fctzigen und mildt\u00e4tigen Organisationen. Schwerpunktm\u00e4\u00dfig sollen folgende Zwecke gef\u00f6rdert werden:<\/p>\n<ul>\n\u2022 F\u00f6rderung der Kunst und Kultur (vgl. \u00a7 52 Abs. 2 Nr. 5 AO)<br \/>\n\u2022 F\u00f6rderung der Erziehung, Volks- und Berufsbildung einschlie\u00dflich der Studentenhilfe (vgl. \u00a7 52 Abs. 2 Nr. 7 AO)<br \/>\n\u2022 F\u00f6rderung von Wissenschaft und Forschung (vgl. \u00a7 52 Abs. 2 Nr. 1 AO)<br \/>\n\u2022 F\u00f6rderung des \u00f6ffentlichen Gesundheitswesens und der \u00f6ffentlichen<br \/>\nGesundheitspflege (vgl. \u00a7 52 Abs. 2 Nr. 3 AO)<br \/>\n\u2022 F\u00f6rderung der Jugend und Altenhilfe (vgl. \u00a7 52 Abs. 2 Nr. 4 AO)<br \/>\n\u2022 F\u00f6rderung des Wohlfahrtswesens (vgl. \u00a7 52 Abs. 2 Nr. 9 AO)<br \/>\n\u2022 F\u00f6rderung des Denkmalschutzes und der Denkmalpflege (\u00a7 52 Abs. 2 Nr. 6 AO)\n<\/ul>\n<p><strong>\u00a7 3 Form des Antrages<\/strong><\/p>\n<p>Eine F\u00f6rderung von gemeinn\u00fctzigen und mildt\u00e4tigen Organisationen soll nach Ma\u00dfgabe der folgenden Bestimmungen dieser F\u00f6rderrichtlinie erfolgen und nur dann, wenn der von der Stiftung vorgefertigte F\u00f6rderantrag gem\u00e4\u00df Anlage zu dieser Richtlinie verwendet wird.<\/p>\n<p><strong>\u00a7 4 Adressat des Antrags<\/strong><\/p>\n<p>Der F\u00f6rderantrag ist an die folgende Adresse zu richten:<br \/>\nFeith-Stiftung<br \/>\nc\/o Sebastian G. Albert<br \/>\nZur Audell 47<br \/>\n66386 St. Ingbert<br \/>\n<a href=\"&#x6d;&#x61;&#x69;&#x6c;&#x74;&#x6f;&#x3a;&#x66;&#x6f;&#x65;&#x72;&#x64;&#x65;&#x72;&#x61;&#x6e;&#x74;&#x72;&#x61;&#x67;&#x40;&#x66;&#x65;&#x69;&#x74;&#x68;&#x2d;&#x73;&#x74;&#x69;&#x66;&#x74;&#x75;&#x6e;&#x67;&#x2e;&#x6f;&#x72;&#x67;\">&#x66;&#x6f;&#x65;&#x72;&#x64;&#x65;&#x72;&#x61;&#x6e;&#x74;&#x72;&#x61;&#x67;&#x40;&#x66;&#x65;&#x69;&#x74;&#x68;&#x2d;&#x73;&#x74;&#x69;&#x66;&#x74;&#x75;&#x6e;&#x67;&#x2e;&#x6f;&#x72;&#x67;<\/a><\/p>\n<p><strong>\u00a7 5 Informationen zum Antragssteller<\/strong><\/p>\n<p>Auf dem F\u00f6rderantrag ist der vollst\u00e4ndige Namen des Antragsstellers, die vollst\u00e4ndige Anschrift sowie eine E-Mail-Adresse, unter der der Antragssteller erreichbar ist, einzutragen.<br \/>\nDem F\u00f6rderantrag ist eine aktuelle Freistellungsbescheinigung des Antragsstellers beizuf\u00fcgen, soweit der Antragssteller eine K\u00f6rperschaft ist, die von der K\u00f6rperschafts- und Gewerbesteuer befreit werden kann.<br \/>\nFerner muss der Antragssteller dem F\u00f6rderantrag seine Referenzen beif\u00fcgen, z.B. einen Bericht \u00fcber die T\u00e4tigkeit des Antragsstellers und \u00fcber seine bisher durchgef\u00fchrten Projekte.<\/p>\n<p><strong>\u00a7 6 Projektbeschreibung<\/strong><\/p>\n<p>Die Projekte sind folgenderma\u00dfen zu beschreiben:<\/p>\n<ul>\n\u2022 Titel<br \/>\n\u2022 Mitteilung der durch das Projekt gef\u00f6rderten Zwecke<br \/>\n\u2022 Art der begehrten F\u00f6rderung (in der Regel finanzielle F\u00f6rderung)<br \/>\n\u2022 Projektbeschreibung<br \/>\n\u2022 Zeitraum der F\u00f6rderung (in der Regel einmalige F\u00f6rderung)<br \/>\n\u2022 Ziel der F\u00f6rderung \/ Begr\u00fcndung der F\u00f6rderungsw\u00fcrdigkeit des Projektes<\/ul>\n<p>Der Antragssteller kann dem F\u00f6rderantrag weitere Anlagen beigef\u00fcgen.<\/p>\n<p><strong>\u00a7 7 Kosten- und Finanzierungsplan<\/strong><\/p>\n<p>In dem F\u00f6rderantrag sollen die Gesamtkosten des Projekts, die H\u00f6he der vom Antragssteller f\u00fcr das Projekt zur Verf\u00fcgung stehenden Eigenmittel, bereits erhaltene oder zugesagte F\u00f6rderungen von Dritten sowie die von der Stiftung und Dritten erbetenen Betr\u00e4ge aufgelistet werden.<\/p>\n<p><strong>\u00a7 8 Ausschlusskriterien<\/strong><\/p>\n<p>Eine F\u00f6rderung einzelner nat\u00fcrlicher Personen oder nichtrechtsf\u00e4higer Personen- vereinigungen soll nicht erfolgen.<br \/>\nF\u00f6rderantr\u00e4ge, die nicht den Anforderungen der F\u00f6rderrichtlinie entsprechen, werden von der Entscheidung \u00fcber eine F\u00f6rderung grunds\u00e4tzlich ausgeschlossen. Die ordnungsgem\u00e4\u00dfe Antragsstellung kann nachgeholt werden.<\/p>\n<p><strong>\u00a7 9 Entscheidung \u00fcber F\u00f6rderung und Auszahlung<\/strong><\/p>\n<p>\u00dcber ordnungsgem\u00e4\u00dfe Antr\u00e4ge, die bis zum 31.03. eines Jahres bei der Stiftung eingegangen sind, soll bis zum 01.07. des Jahres entschieden werden. \u00dcber ordnungsgem\u00e4\u00dfe Antr\u00e4ge, die bis zum 30.09. eines Jahres eingegangen sind, soll bis zum 01.01. des Folgejahres entschieden werden.<br \/>\nEine Auszahlung erfolgt im Regelfall unmittelbar nach Beschlussfassung \u00fcber die F\u00f6rderung, soweit nicht ein anderer Auszahlungstermin beschlossen wird und eine solche beschlossene F\u00f6rderung nicht zwischenzeitlich wieder durch Beschluss aufgehoben wurde.<\/p>\n<p><strong>\u00a7 10 Informationspflichten und Verwendungsnachweis<\/strong><\/p>\n<p>Die Verantwortlichen eines gef\u00f6rderten Projektes sollen sich verpflichten, die Stiftung auf Anfrage der Stiftung innerhalb von drei Wochen sowie sp\u00e4testens zwei Wochen nach Abschluss des gef\u00f6rderten Projektes, ohne dass es einer Anfrage der Stiftung bedarf, \u00fcber die Verwendung der Mittel durch entsprechende Dokumente zu informieren bzw. die ordnungsgem\u00e4\u00dfe Verwendung der Mittel nachzuweisen (Zahlungsbelege, Rechnungen, Berichte\/Prospekte \u00fcber die Projekterf\u00fcllung, Einladung zu Veranstaltungen, Besichtigung von Projekten durch Vorstandsmitglieder).<\/p>\n<p><strong>\u00a7 11 R\u00fcckzahlungspflicht<\/strong><\/p>\n<p>Der Mittelempf\u00e4nger kann verpflichtet werden, die geleistete F\u00f6rderung ganz oder teilweise zur\u00fcckzuzahlen, wenn<\/p>\n<ul>\n\u2022 er den Zuschuss zu Unrecht, insbesondere unter Angabe von unzutreffenden Angaben erlangt hat,<br \/>\n\u2022 der Zuschuss zweckentfremdet eingesetzt wird,<br \/>\n\u2022 das Ziel des Projektes nicht erreicht wird oder<br \/>\n\u2022 soweit die zugewendeten Mittel diejenigen \u00fcbersteigen, die f\u00fcr die Durchf\u00fchrung des beantragten Projektes ben\u00f6tigt werden bzw. tats\u00e4chlich verwendet wurden.<\/ul>\n<p><strong>\u00a7 12 \u00d6ffentlichkeit \/ Presse<\/strong><\/p>\n<p>M\u00f6chte eine Organisation die Unterst\u00fctzung durch die Stiftung f\u00fcr ein Projekt \u00f6ffentlich erw\u00e4hnen, bedarf es der vorherigen Zustimmung der Stiftung. Die Stiftung hat ihrerseits das Anrecht auf ihren Wunsch in angemessener Weise, als F\u00f6rderer f\u00fcr ein Projekt \u00f6ffentlich genannt zu werden, es sei denn die daf\u00fcr erforderlichen Aufwendungen sind angesichts der gef\u00f6rderten Organisation oder des gef\u00f6rderten Projektes als unangemessen hoch anzusehen. Die Kosten der \u00f6ffentlichen Erw\u00e4hnung sollen dem Gef\u00f6rderten auferlegt werden.<\/p>\n","protected":false},"excerpt":{"rendered":"<p>F\u00f6rderrichtlinien der Dr. Hans Feith und Dr. Elisabeth Feith-Stiftung \u00a7 1 Geltungsbereich Die im Rahmen der Vorstandssitzung der Stiftung am 04. Mai 2015 einstimmig und ohne Enthaltung beschlossenen F\u00f6rderrichtlinien gelten f\u00fcr s\u00e4mtliche ab dem 05. Mai 2015 bei der Stiftung eingehenden F\u00f6rderantr\u00e4ge. Eine \u00c4nderung oder Abweichung von den nachstehenden Bestimmungen kann nur durch Vorstandsbeschluss insgesamt &hellip; <\/p>\n<p class=\"link-more\"><a href=\"https:\/\/feith-stiftung.org\/foerderantrag\/foerderrichtlinien\/\" class=\"more-link\"><span class=\"screen-reader-text\">\u201eF\u00f6rderrichtlinien\u201c<\/span> weiterlesen<\/a><\/p>\n","protected":false},"author":1,"featured_media":0,"parent":0,"menu_order":0,"comment_status":"closed","ping_status":"closed","template":"","meta":{"footnotes":""},"class_list":["post-231","page","type-page","status-publish","hentry","entry"],"_links":{"self":[{"href":"https:\/\/feith-stiftung.org\/foerderantrag\/wp-json\/wp\/v2\/pages\/231","targetHints":{"allow":["GET"]}}],"collection":[{"href":"https:\/\/feith-stiftung.org\/foerderantrag\/wp-json\/wp\/v2\/pages"}],"about":[{"href":"https:\/\/feith-stiftung.org\/foerderantrag\/wp-json\/wp\/v2\/types\/page"}],"author":[{"embeddable":true,"href":"https:\/\/feith-stiftung.org\/foerderantrag\/wp-json\/wp\/v2\/users\/1"}],"replies":[{"embeddable":true,"href":"https:\/\/feith-stiftung.org\/foerderantrag\/wp-json\/wp\/v2\/comments?post=231"}],"version-history":[{"count":22,"href":"https:\/\/feith-stiftung.org\/foerderantrag\/wp-json\/wp\/v2\/pages\/231\/revisions"}],"predecessor-version":[{"id":540,"href":"https:\/\/feith-stiftung.org\/foerderantrag\/wp-json\/wp\/v2\/pages\/231\/revisions\/540"}],"wp:attachment":[{"href":"https:\/\/feith-stiftung.org\/foerderantrag\/wp-json\/wp\/v2\/media?parent=231"}],"curies":[{"name":"wp","href":"https:\/\/api.w.org\/{rel}","templated":true}]}}