{"id":299,"date":"2022-12-30T13:52:36","date_gmt":"2022-12-30T12:52:36","guid":{"rendered":"https:\/\/feith-stiftung.org\/foerderantrag\/?page_id=299"},"modified":"2023-08-20T12:43:32","modified_gmt":"2023-08-20T10:43:32","slug":"kontakt","status":"publish","type":"page","link":"https:\/\/feith-stiftung.org\/foerderantrag\/kontakt\/","title":{"rendered":"Kontakt"},"content":{"rendered":"<p>Sie haben Fragen, Anregungen oder m\u00f6chten weitere Informationen zur Feith-Stiftung?<br \/>\nSchreiben Sie uns.<\/p>\n<p>Bitte beachten: F\u00f6rderantr\u00e4ge, welche \u00fcber diesen Weg bei uns eingehen, werden von einer Entscheidung \u00fcber eine F\u00f6rderung grunds\u00e4tzlich ausgeschlossen. Unsere <a href=\"https:\/\/feith-stiftung.org\/foerderantrag\/foerderrichtlinien\/\" rel=\"noopener\" target=\"_blank\">F\u00f6rderrichtlinien<\/a> sowie einen ausf\u00fchrlichen <a href=\"https:\/\/feith-stiftung.org\/foerderantrag\/\">F\u00f6rderantrag<\/a> finden Sie <a href=\"https:\/\/feith-stiftung.org\/foerderantrag\/\">hier<\/a>.<\/p>\n<div class=\"wpforms-container wpforms-container-full\" id=\"wpforms-290\"><form id=\"wpforms-form-290\" class=\"wpforms-validate wpforms-form wpforms-ajax-form\" data-formid=\"290\" method=\"post\" enctype=\"multipart\/form-data\" action=\"\/foerderantrag\/wp-json\/wp\/v2\/pages\/299\" data-token=\"5f78e1d782734af51beaaf29272fcca8\" data-token-time=\"1778240812\"><noscript class=\"wpforms-error-noscript\">Bitte aktiviere JavaScript in deinem Browser, um dieses Formular fertigzustellen.<\/noscript><div class=\"wpforms-field-container\"><div id=\"wpforms-290-field_4-container\" class=\"wpforms-field wpforms-field-layout\" data-field-id=\"4\"><div class=\"wpforms-field-layout-columns wpforms-field-layout-preset-50-50\"><div class=\"wpforms-layout-column wpforms-layout-column-50\" ><div id=\"wpforms-290-field_5-container\" class=\"wpforms-field wpforms-field-text\" data-field-id=\"5\"><label class=\"wpforms-field-label\" for=\"wpforms-290-field_5\">Vorname <span class=\"wpforms-required-label\">*<\/span><\/label><input type=\"text\" id=\"wpforms-290-field_5\" class=\"wpforms-field-medium wpforms-field-required\" name=\"wpforms[fields][5]\" required><\/div><div id=\"wpforms-290-field_6-container\" class=\"wpforms-field wpforms-field-text\" data-field-id=\"6\"><label class=\"wpforms-field-label\" for=\"wpforms-290-field_6\">Nachname <span class=\"wpforms-required-label\">*<\/span><\/label><input type=\"text\" id=\"wpforms-290-field_6\" class=\"wpforms-field-medium wpforms-field-required\" name=\"wpforms[fields][6]\" required><\/div><div id=\"wpforms-290-field_1-container\" class=\"wpforms-field wpforms-field-email\" data-field-id=\"1\"><label class=\"wpforms-field-label\">E-Mail <span class=\"wpforms-required-label\">*<\/span><\/label><div class=\"wpforms-field-row wpforms-field-medium\"><div class=\"wpforms-field-row-block wpforms-one-half wpforms-first\"><input type=\"email\" id=\"wpforms-290-field_1\" class=\"wpforms-field-required wpforms-field-email-primary\" data-rule-restricted-email=\"1\" name=\"wpforms[fields][1][primary]\" spellcheck=\"false\" required><label for=\"wpforms-290-field_1\" class=\"wpforms-field-sublabel after\">E-Mail-Adresse<\/label><\/div><div class=\"wpforms-field-row-block wpforms-one-half\"><input type=\"email\" id=\"wpforms-290-field_1-secondary\" class=\"wpforms-field-email-secondary wpforms-field-required\" data-rule-confirm=\"#wpforms-290-field_1\" name=\"wpforms[fields][1][secondary]\" spellcheck=\"false\" required><label for=\"wpforms-290-field_1-secondary\" class=\"wpforms-field-sublabel after\">E-Mail best\u00e4tigen<\/label><\/div><\/div><\/div><div id=\"wpforms-290-field_2-container\" class=\"wpforms-field wpforms-field-textarea\" data-field-id=\"2\"><label class=\"wpforms-field-label\" for=\"wpforms-290-field_2\">Mitteilung <span class=\"wpforms-required-label\">*<\/span><\/label><textarea id=\"wpforms-290-field_2\" class=\"wpforms-field-medium wpforms-field-required\" name=\"wpforms[fields][2]\" required><\/textarea><\/div><\/div><div class=\"wpforms-layout-column wpforms-layout-column-50\" ><div id=\"wpforms-290-field_9-container\" class=\"wpforms-field wpforms-field-html\" data-field-id=\"9\"><div id=\"wpforms-290-field_9\"><div style=\"padding: 1em;font-size: 0.875em;text-align:center;\">\r\n<img decoding=\"async\" src=\"https:\/\/www.feith-stiftung.org\/img\/logo-contact.png\" style=\"padding-bottom:20px;\"\/>\r\n<br \/>\r\n<strong>Dr. Hans Feith und Dr. Elisabeth Feith-Stiftung,<br \/>\r\nvertreten durch ihre Vorst\u00e4nde<\/strong><br \/>\r\nc\/o Deutsche Bank AG \/ Stiftungsverwaltung<br \/>\r\nD-20079 Hamburg<br \/>\r\n<\/div><\/div><\/div><\/div><\/div><\/div><div id=\"wpforms-290-field_3-container\" class=\"wpforms-field wpforms-field-checkbox\" data-field-id=\"3\"><label class=\"wpforms-field-label wpforms-label-hide\">Datenschutzerkl\u00e4rung <span class=\"wpforms-required-label\">*<\/span><\/label><ul id=\"wpforms-290-field_3\" class=\"wpforms-field-required\"><li class=\"choice-1 depth-1\"><input type=\"checkbox\" id=\"wpforms-290-field_3_1\" name=\"wpforms[fields][3][]\" value=\"Ich habe die &lt;a href=&quot;https:\/\/feith-stiftung.org\/impressum-datenschutzerklaerung.html#datenschutzerklaerung&quot; target=&quot;_blank&quot; rel=&quot;noopener&quot;&gt;Datenschutzerkl\u00e4rung&lt;\/a&gt; gelesen und stimme dieser hiermit zu\" required ><label class=\"wpforms-field-label-inline\" for=\"wpforms-290-field_3_1\">Ich habe die <a href=\"https:\/\/feith-stiftung.org\/impressum-datenschutzerklaerung.html#datenschutzerklaerung\" target=\"_blank\" rel=\"noopener\">Datenschutzerkl\u00e4rung<\/a> gelesen und stimme dieser hiermit zu<\/label><\/li><\/ul><\/div><\/div><!-- .wpforms-field-container --><div class=\"wpforms-submit-container\" ><input type=\"hidden\" name=\"wpforms[id]\" value=\"290\"><input type=\"hidden\" name=\"page_title\" value=\"\"><input type=\"hidden\" name=\"page_url\" value=\"https:\/\/feith-stiftung.org\/foerderantrag\/wp-json\/wp\/v2\/pages\/299\"><input type=\"hidden\" name=\"url_referer\" value=\"\"><button type=\"submit\" name=\"wpforms[submit]\" id=\"wpforms-submit-290\" class=\"wpforms-submit\" data-alt-text=\"Senden\u2026\" data-submit-text=\"Absenden\" aria-live=\"assertive\" value=\"wpforms-submit\">Absenden<\/button><img loading=\"lazy\" decoding=\"async\" src=\"https:\/\/feith-stiftung.org\/foerderantrag\/wp-content\/plugins\/wpforms\/assets\/images\/submit-spin.svg\" class=\"wpforms-submit-spinner\" style=\"display: none;\" width=\"26\" height=\"26\" alt=\"Wird geladen\"><\/div><\/form><\/div>  <!-- .wpforms-container -->\n","protected":false},"excerpt":{"rendered":"<p>Sie haben Fragen, Anregungen oder m\u00f6chten weitere Informationen zur Feith-Stiftung? Schreiben Sie uns. Bitte beachten: F\u00f6rderantr\u00e4ge, welche \u00fcber diesen Weg bei uns eingehen, werden von einer Entscheidung \u00fcber eine F\u00f6rderung grunds\u00e4tzlich ausgeschlossen. Unsere F\u00f6rderrichtlinien sowie einen ausf\u00fchrlichen F\u00f6rderantrag finden Sie hier.<\/p>\n","protected":false},"author":1,"featured_media":0,"parent":0,"menu_order":0,"comment_status":"closed","ping_status":"closed","template":"","meta":{"footnotes":""},"class_list":["post-299","page","type-page","status-publish","hentry","entry"],"_links":{"self":[{"href":"https:\/\/feith-stiftung.org\/foerderantrag\/wp-json\/wp\/v2\/pages\/299","targetHints":{"allow":["GET"]}}],"collection":[{"href":"https:\/\/feith-stiftung.org\/foerderantrag\/wp-json\/wp\/v2\/pages"}],"about":[{"href":"https:\/\/feith-stiftung.org\/foerderantrag\/wp-json\/wp\/v2\/types\/page"}],"author":[{"embeddable":true,"href":"https:\/\/feith-stiftung.org\/foerderantrag\/wp-json\/wp\/v2\/users\/1"}],"replies":[{"embeddable":true,"href":"https:\/\/feith-stiftung.org\/foerderantrag\/wp-json\/wp\/v2\/comments?post=299"}],"version-history":[{"count":7,"href":"https:\/\/feith-stiftung.org\/foerderantrag\/wp-json\/wp\/v2\/pages\/299\/revisions"}],"predecessor-version":[{"id":422,"href":"https:\/\/feith-stiftung.org\/foerderantrag\/wp-json\/wp\/v2\/pages\/299\/revisions\/422"}],"wp:attachment":[{"href":"https:\/\/feith-stiftung.org\/foerderantrag\/wp-json\/wp\/v2\/media?parent=299"}],"curies":[{"name":"wp","href":"https:\/\/api.w.org\/{rel}","templated":true}]}}